{"id":4955,"date":"2024-12-08T08:04:41","date_gmt":"2024-12-08T07:04:41","guid":{"rendered":"https:\/\/www.eissportfreunde.de\/wordpress\/?page_id=4955"},"modified":"2024-12-08T09:04:30","modified_gmt":"2024-12-08T08:04:30","slug":"news","status":"publish","type":"page","link":"https:\/\/www.eissportfreunde.de\/wordpress\/","title":{"rendered":"News"},"content":{"rendered":"<div  class=\"ultp-post-grid-block wp-block-ultimate-post-post-grid-5 ultp-block-c44461\"><div class=\"ultp-block-wrapper\"><div class=\"ultp-loading\"><div class=\"ultp-loading-blocks\" style=\"width:100%;height:100%;\"><div style=\"left: 0;top: 0;animation-delay:0s;\"><\/div><div style=\"left: 21px;top: 0;animation-delay:0.125s;\"><\/div><div style=\"left: 42px;top: 0;animation-delay:0.25s;\"><\/div><div style=\"left: 0;top: 21px;animation-delay:0.875s;\"><\/div><div style=\"left: 42px;top: 21px;animation-delay:0.375s;\"><\/div><div style=\"left: 0;top: 42px;animation-delay:0.75s;\"><\/div><div style=\"left: 42px;top: 42px;animation-delay:0.625s;\"><\/div><div style=\"left: 21px;top: 42px;animation-delay:0.5s;\"><\/div><\/div><\/div><div class=\"ultp-block-items-wrap ultp-block-row ultp-layout1 ultp-block-content-false\"><div class=\"ultp-block-item post-id-5205\"><div class=\"ultp-block-content-wrap ultp-block-content-overlay\"><div class=\"ultp-block-image ultp-block-image-zoomIn ultp-block-image-overlay ultp-block-image-simgleGradient\"><a href=\"https:\/\/www.eissportfreunde.de\/wordpress\/2026\/03\/03\/letztes-esf-griesenbrauck-suemmern-training-der-saison-2025-2026\/\" ><img decoding=\"async\"  src=\"https:\/\/www.eissportfreunde.de\/wordpress\/wp-content\/plugins\/ultimate-post\/assets\/img\/ultp-fallback-img.png\" alt=\"dummy-img\" \/><\/a><\/div><div class=\"ultp-block-content ultp-block-content-bottomPosition\"><div class=\"ultp-block-content-inner\"><h3 class=\"ultp-block-title \"><a href=\"https:\/\/www.eissportfreunde.de\/wordpress\/2026\/03\/03\/letztes-esf-griesenbrauck-suemmern-training-der-saison-2025-2026\/\" >Letztes ESF Griesenbrauck\/S\u00fcmmern Training der Saison 2025\/2026<\/a><\/h3><\/div><\/div><\/div><\/div><div class=\"ultp-block-item post-id-5202\"><div class=\"ultp-block-content-wrap ultp-block-content-overlay\"><div class=\"ultp-block-image ultp-block-image-zoomIn ultp-block-image-overlay ultp-block-image-simgleGradient\"><a href=\"https:\/\/www.eissportfreunde.de\/wordpress\/2026\/02\/24\/%e2%9a%a0%ef%b8%8f-training-am-samstag-28-02-2026-entfaellt\/\" ><img decoding=\"async\"   alt=\"\u26a0\ufe0f Training am Samstag, 28.02.2026, entf\u00e4llt\" src=\"https:\/\/www.eissportfreunde.de\/wordpress\/wp-content\/uploads\/2015\/07\/Termin.jpg\" \/><\/a><\/div><div class=\"ultp-block-content ultp-block-content-bottomPosition\"><div class=\"ultp-block-content-inner\"><h3 class=\"ultp-block-title \"><a href=\"https:\/\/www.eissportfreunde.de\/wordpress\/2026\/02\/24\/%e2%9a%a0%ef%b8%8f-training-am-samstag-28-02-2026-entfaellt\/\" >\u26a0\ufe0f Training am Samstag, 28.02.2026, entf\u00e4llt<\/a><\/h3><\/div><\/div><\/div><\/div><div class=\"ultp-block-item post-id-5196\"><div class=\"ultp-block-content-wrap ultp-block-content-overlay\"><div class=\"ultp-block-image ultp-block-image-zoomIn ultp-block-image-overlay ultp-block-image-simgleGradient\"><a href=\"https:\/\/www.eissportfreunde.de\/wordpress\/2025\/11\/19\/neujahrsempfang-2026\/\" ><img decoding=\"async\"  src=\"https:\/\/www.eissportfreunde.de\/wordpress\/wp-content\/plugins\/ultimate-post\/assets\/img\/ultp-fallback-img.png\" alt=\"dummy-img\" \/><\/a><\/div><div class=\"ultp-block-content ultp-block-content-bottomPosition\"><div class=\"ultp-block-content-inner\"><h3 class=\"ultp-block-title \"><a href=\"https:\/\/www.eissportfreunde.de\/wordpress\/2025\/11\/19\/neujahrsempfang-2026\/\" >Neujahrsempfang 2026<\/a><\/h3><\/div><\/div><\/div><\/div><div class=\"ultp-block-item post-id-5176\"><div class=\"ultp-block-content-wrap ultp-block-content-overlay\"><div class=\"ultp-block-image ultp-block-image-zoomIn ultp-block-image-overlay ultp-block-image-simgleGradient\"><a href=\"https:\/\/www.eissportfreunde.de\/wordpress\/2025\/09\/22\/%f0%9f%8e%89-50-jahre-leidenschaft-fuer-den-eissport-andreas-henkel-feiert-goldenes-vereinsjubilaeum-%f0%9f%8f%92\/\" ><img decoding=\"async\"   alt=\"\ud83c\udf89 50 Jahre Leidenschaft f\u00fcr den Eissport \u2013 Andreas Henkel feiert goldenes Vereinsjubil\u00e4um \ud83c\udfd2\" src=\"https:\/\/www.eissportfreunde.de\/wordpress\/wp-content\/uploads\/2025\/09\/Andi_50_Jahre-600x600.jpeg\" \/><\/a><\/div><div class=\"ultp-block-content ultp-block-content-bottomPosition\"><div class=\"ultp-block-content-inner\"><h3 class=\"ultp-block-title \"><a href=\"https:\/\/www.eissportfreunde.de\/wordpress\/2025\/09\/22\/%f0%9f%8e%89-50-jahre-leidenschaft-fuer-den-eissport-andreas-henkel-feiert-goldenes-vereinsjubilaeum-%f0%9f%8f%92\/\" >\ud83c\udf89 50 Jahre Leidenschaft f\u00fcr den Eissport \u2013 Andreas Henkel feiert goldenes Vereinsjubil\u00e4um \ud83c\udfd2<\/a><\/h3><\/div><\/div><\/div><\/div><\/div><\/div><div class=\"pagination-block-html\" aria-hidden=\"true\" style=\"display: none;\"><\/div><\/div>\n\n\n<hr class=\"wp-block-separator has-alpha-channel-opacity\"\/>\n\n\n\n<figure data-wp-context=\"{&quot;imageId&quot;:&quot;69d80cb889f24&quot;}\" data-wp-interactive=\"core\/image\" data-wp-key=\"69d80cb889f24\" class=\"wp-block-image size-large wp-lightbox-container\"><img loading=\"lazy\" decoding=\"async\" width=\"1024\" height=\"205\" data-wp-class--hide=\"state.isContentHidden\" data-wp-class--show=\"state.isContentVisible\" data-wp-init=\"callbacks.setButtonStyles\" data-wp-on--click=\"actions.showLightbox\" data-wp-on--load=\"callbacks.setButtonStyles\" data-wp-on-window--resize=\"callbacks.setButtonStyles\" src=\"http:\/\/www.eissportfreunde.de\/wordpress\/wp-content\/uploads\/2016\/02\/Sponsorenbanner-Mittenwald-1024x205.png\" alt=\"\" class=\"wp-image-1756\" srcset=\"https:\/\/www.eissportfreunde.de\/wordpress\/wp-content\/uploads\/2016\/02\/Sponsorenbanner-Mittenwald-1024x205.png 1024w, https:\/\/www.eissportfreunde.de\/wordpress\/wp-content\/uploads\/2016\/02\/Sponsorenbanner-Mittenwald-300x60.png 300w, https:\/\/www.eissportfreunde.de\/wordpress\/wp-content\/uploads\/2016\/02\/Sponsorenbanner-Mittenwald-128x26.png 128w, https:\/\/www.eissportfreunde.de\/wordpress\/wp-content\/uploads\/2016\/02\/Sponsorenbanner-Mittenwald-32x6.png 32w, https:\/\/www.eissportfreunde.de\/wordpress\/wp-content\/uploads\/2016\/02\/Sponsorenbanner-Mittenwald.png 1372w\" sizes=\"auto, (max-width: 1024px) 100vw, 1024px\" \/><button\n\t\t\tclass=\"lightbox-trigger\"\n\t\t\ttype=\"button\"\n\t\t\taria-haspopup=\"dialog\"\n\t\t\taria-label=\"Vergr\u00f6\u00dfern\"\n\t\t\tdata-wp-init=\"callbacks.initTriggerButton\"\n\t\t\tdata-wp-on--click=\"actions.showLightbox\"\n\t\t\tdata-wp-style--right=\"state.imageButtonRight\"\n\t\t\tdata-wp-style--top=\"state.imageButtonTop\"\n\t\t>\n\t\t\t<svg xmlns=\"http:\/\/www.w3.org\/2000\/svg\" width=\"12\" height=\"12\" fill=\"none\" viewBox=\"0 0 12 12\">\n\t\t\t\t<path fill=\"#fff\" d=\"M2 0a2 2 0 0 0-2 2v2h1.5V2a.5.5 0 0 1 .5-.5h2V0H2Zm2 10.5H2a.5.5 0 0 1-.5-.5V8H0v2a2 2 0 0 0 2 2h2v-1.5ZM8 12v-1.5h2a.5.5 0 0 0 .5-.5V8H12v2a2 2 0 0 1-2 2H8Zm2-12a2 2 0 0 1 2 2v2h-1.5V2a.5.5 0 0 0-.5-.5H8V0h2Z\" \/>\n\t\t\t<\/svg>\n\t\t<\/button><\/figure>\n\n\n\n<hr class=\"wp-block-separator has-alpha-channel-opacity\"\/>\n\n\n<div  class=\"ultp-post-grid-block wp-block-ultimate-post-post-list-1 ultp-block-f589e3\"><div class=\"ultp-block-wrapper\"><div class=\"ultp-loading\"><div class=\"ultp-loading-blocks\" style=\"width:100%;height:100%;\"><div style=\"left: 0;top: 0;animation-delay:0s;\"><\/div><div style=\"left: 21px;top: 0;animation-delay:0.125s;\"><\/div><div style=\"left: 42px;top: 0;animation-delay:0.25s;\"><\/div><div style=\"left: 0;top: 21px;animation-delay:0.875s;\"><\/div><div style=\"left: 42px;top: 21px;animation-delay:0.375s;\"><\/div><div style=\"left: 0;top: 42px;animation-delay:0.75s;\"><\/div><div style=\"left: 42px;top: 42px;animation-delay:0.625s;\"><\/div><div style=\"left: 21px;top: 42px;animation-delay:0.5s;\"><\/div><\/div><\/div><div class=\"ultp-block-items-wrap ultp-block-row ultp-block-column-2 ultp-pl1a-style1 ultp-post-list1-layout1\"><div class=\"ultp-block-item post-id-5157\"><div class=\"ultp-block-content-wrap\"><div class=\"ultp-block-entry-content\"><div class=\"ultp-block-entry-heading\"><h3 class=\"ultp-block-title \"><a href=\"https:\/\/www.eissportfreunde.de\/wordpress\/2025\/09\/10\/jahreshauptversammlung-2025-frischer-wind-und-bewaehrte-staerke\/\" >Jahreshauptversammlung 2025 \u2013 Frischer Wind und bew\u00e4hrte St\u00e4rke<\/a><\/h3><\/div><div class=\"ultp-block-image ultp-block-image-none\"><a href=\"https:\/\/www.eissportfreunde.de\/wordpress\/2025\/09\/10\/jahreshauptversammlung-2025-frischer-wind-und-bewaehrte-staerke\/\" ><img decoding=\"async\"  alt=\"Jahreshauptversammlung 2025 \u2013 Frischer Wind und bew\u00e4hrte St\u00e4rke\"  src=\"https:\/\/www.eissportfreunde.de\/wordpress\/wp-content\/uploads\/2025\/09\/Loehen1_reference.jpg\" \/><\/a><\/div><\/div><div class=\"ultp-block-content\"><div class=\"ultp-block-excerpt\"><p>Am Montag, den 8. September 2025, fand um 19:30 Uhr die diesj\u00e4hrige Jahreshauptversammlung der Eissportfreunde Griesenbrauck-S\u00fcmmern e.V. im gem\u00fctlichen Forsthaus L\u00f6hen in Iserlohn statt. Trotz&hellip;<\/p>\n<\/div><\/div><\/div><\/div><div class=\"ultp-block-item post-id-5153\"><div class=\"ultp-block-content-wrap\"><div class=\"ultp-block-entry-content\"><div class=\"ultp-block-entry-heading\"><h3 class=\"ultp-block-title \"><a href=\"https:\/\/www.eissportfreunde.de\/wordpress\/2025\/09\/08\/50-jahre-liebe-michaela-und-dieter-brueggemann-feiern-goldene-hochzeit\/\" >50 Jahre Liebe: Michaela und Dieter Br\u00fcggemann feiern Goldene Hochzeit<\/a><\/h3><\/div><div class=\"ultp-block-image ultp-block-image-none\"><a href=\"https:\/\/www.eissportfreunde.de\/wordpress\/2025\/09\/08\/50-jahre-liebe-michaela-und-dieter-brueggemann-feiern-goldene-hochzeit\/\" ><img decoding=\"async\"  alt=\"50 Jahre Liebe: Michaela und Dieter Br\u00fcggemann feiern Goldene Hochzeit\"  src=\"https:\/\/www.eissportfreunde.de\/wordpress\/wp-content\/uploads\/2025\/09\/Dieter_goldeneHochzeit2.png\" \/><\/a><\/div><\/div><div class=\"ultp-block-content\"><div class=\"ultp-block-excerpt\"><p>Vor 50 Jahren wurden sie noch bel\u00e4chelt \u2013 heute feiern Michaela und Dieter Br\u00fcggemann ihre Goldene Hochzeit mit rund 80 G\u00e4sten, darunter B\u00fcrgermeister Christian Schweitzer.&hellip;<\/p>\n<\/div><\/div><\/div><\/div><div class=\"ultp-block-item post-id-5143\"><div class=\"ultp-block-content-wrap\"><div class=\"ultp-block-entry-content\"><div class=\"ultp-block-entry-heading\"><h3 class=\"ultp-block-title \"><a href=\"https:\/\/www.eissportfreunde.de\/wordpress\/2025\/08\/16\/saisonstart-beim-esf-griesenbrauck-suemmern-erstes-training-am-1-september\/\" >Saisonstart beim ESF Griesenbrauck S\u00fcmmern: Erstes Training am 6. September<\/a><\/h3><\/div><div class=\"ultp-block-image ultp-block-image-none\"><a href=\"https:\/\/www.eissportfreunde.de\/wordpress\/2025\/08\/16\/saisonstart-beim-esf-griesenbrauck-suemmern-erstes-training-am-1-september\/\" ><img decoding=\"async\"  alt=\"Saisonstart beim ESF Griesenbrauck S\u00fcmmern: Erstes Training am 6. September\"  src=\"https:\/\/www.eissportfreunde.de\/wordpress\/wp-content\/uploads\/2015\/07\/Termin.jpg\" \/><\/a><\/div><\/div><div class=\"ultp-block-content\"><div class=\"ultp-block-excerpt\"><p>Nach einem intensiven und schwei\u00dftreibenden Sommer kehrt der ESF Griesenbrauck S\u00fcmmern endlich aufs Eis zur\u00fcck! Am\u00a0Samstag, den 06. September 2025, startet das Team in die&hellip;<\/p>\n<\/div><\/div><\/div><\/div><div class=\"ultp-block-item post-id-5140\"><div class=\"ultp-block-content-wrap\"><div class=\"ultp-block-entry-content\"><div class=\"ultp-block-entry-heading\"><h3 class=\"ultp-block-title \"><a href=\"https:\/\/www.eissportfreunde.de\/wordpress\/2025\/07\/01\/jahreshauptversammlung-2025-2026\/\" >Jahreshauptversammlung 2025 \/ 2026<\/a><\/h3><\/div><div class=\"ultp-block-image ultp-block-image-none\"><a href=\"https:\/\/www.eissportfreunde.de\/wordpress\/2025\/07\/01\/jahreshauptversammlung-2025-2026\/\" ><img decoding=\"async\"  alt=\"Jahreshauptversammlung 2025 \/ 2026\"  src=\"https:\/\/www.eissportfreunde.de\/wordpress\/wp-content\/uploads\/2025\/07\/WhatsApp-Image-2025-07-29-at-05.58.27.jpeg\" \/><\/a><\/div><\/div><div class=\"ultp-block-content\"><div class=\"ultp-block-excerpt\"><p>Einladung zur Jahreshauptversammlung2025 \/ 2026 Sehr geehrte Mitglieder, liebe Sportkameraden,hiermit l\u00e4dt der ESF-Griesenbrauck-S\u00fcmmern e.V. 1974zur Jahreshauptversammlung. am Montag den 8. September 2025um 19.30 Uhrzum Forsthaus&hellip;<\/p>\n<\/div><\/div><\/div><\/div><\/div><\/div><div class=\"pagination-block-html\" aria-hidden=\"true\" style=\"display: none;\"><\/div><\/div>","protected":false},"excerpt":{"rendered":"","protected":false},"author":4,"featured_media":0,"parent":0,"menu_order":0,"comment_status":"closed","ping_status":"closed","template":"","meta":{"pgc_sgb_lightbox_settings":"","footnotes":""},"class_list":["post-4955","page","type-page","status-publish","hentry"],"_links":{"self":[{"href":"https:\/\/www.eissportfreunde.de\/wordpress\/wp-json\/wp\/v2\/pages\/4955","targetHints":{"allow":["GET"]}}],"collection":[{"href":"https:\/\/www.eissportfreunde.de\/wordpress\/wp-json\/wp\/v2\/pages"}],"about":[{"href":"https:\/\/www.eissportfreunde.de\/wordpress\/wp-json\/wp\/v2\/types\/page"}],"author":[{"embeddable":true,"href":"https:\/\/www.eissportfreunde.de\/wordpress\/wp-json\/wp\/v2\/users\/4"}],"replies":[{"embeddable":true,"href":"https:\/\/www.eissportfreunde.de\/wordpress\/wp-json\/wp\/v2\/comments?post=4955"}],"version-history":[{"count":10,"href":"https:\/\/www.eissportfreunde.de\/wordpress\/wp-json\/wp\/v2\/pages\/4955\/revisions"}],"predecessor-version":[{"id":5056,"href":"https:\/\/www.eissportfreunde.de\/wordpress\/wp-json\/wp\/v2\/pages\/4955\/revisions\/5056"}],"wp:attachment":[{"href":"https:\/\/www.eissportfreunde.de\/wordpress\/wp-json\/wp\/v2\/media?parent=4955"}],"curies":[{"name":"wp","href":"https:\/\/api.w.org\/{rel}","templated":true}]}}