{"id":4563,"date":"2024-11-30T18:24:49","date_gmt":"2024-11-30T17:24:49","guid":{"rendered":"https:\/\/www.eissportfreunde.de\/wordpress\/?page_id=4563"},"modified":"2024-11-30T18:28:08","modified_gmt":"2024-11-30T17:28:08","slug":"geschichte","status":"publish","type":"page","link":"https:\/\/www.eissportfreunde.de\/wordpress\/geschichte\/","title":{"rendered":"Geschichte"},"content":{"rendered":"\n<h5 class=\"wp-block-heading\"><strong>WIE ALLES BEGANN<\/strong><\/h5>\n\n\n\n<p>Als der EC Deilinghofen Anfang 1971 in die neuerbaute Eissporthalle nach Iserlohn umzog und von nun an dort seine Meisterschaftsspiele austrug, da geh\u00f6rten acht Mann aus S\u00fcmmern-Rombrock zum harten Kern der Fans. Vom Zusehen waren sie praktisch schon \u201eFachleute\u201c. Doch sie wollten nicht nur mitreden k\u00f6nnen, sondern auch mitspielen. Schlittschuhlaufen gingen die \u201eAcht\u201c jeden Dienstag und Freitag, aber ans Eishockey-Spielen dachte anfangs noch keiner. Appetit holten sich die S\u00fcmmeraner-Rombrocker, als sie mit den Eismeistern in Kontakt kamen. Gemeinsam ging es nun auf die Eisfl\u00e4che, um eben jenes Wissen auch praktisch umzusetzen.<\/p>\n\n\n\n<h5 class=\"wp-block-heading\"><strong>VEREINSGR\u00dcNDUNG AM 8. M\u00c4RZ 1974<\/strong><\/h5>\n\n\n\n<p>Das abendliche Training, das sich oft bis nach Mitternacht hinzog, hatte die \u201eAcht\u201c auf den Geschmack gebracht. Und es hatten sich auch weitere Interessenten gemeldet, die ebenfalls ihr Gl\u00fcck auf den Kufen probieren sollten. Was lag also n\u00e4her, als sich mit dem Gedanken vertraut zu machen, einen eigenen Verein zu gr\u00fcnden. Dass man die \u201eGeburt\u201c eines eigenen Vereins nicht mehr zu lange hinausz\u00f6gern wollte, lag damit auf der Hand. Und wo die Interessen so dicht zusammenliegen, da ist auch schnell eine Entscheidung getroffen. Im \u201eHaus Griesenbrauck\u201c wurden die Pl\u00e4ne geschmiedet und alle Vorbereitungen getroffen.<\/p>\n\n\n\n<p>Am 8. M\u00e4rz 1974 war es dann endlich soweit. Die Vereinsgr\u00fcndung stand auf der Tagesordnung \u201eEissportfreunde Griesenbrauck-S\u00fcmmern\u201c wurde jener Club genannt, der als einer der ersten Amateur-Clubs in Nordrhein-Westfalen ins Leben gerufen wurde. \u2013 Und ein Club hat nat\u00fcrlich auch eigene Trainingszeiten. \u2013 Das war den Vereinsmitgliedern auch klar.<\/p>\n\n\n\n<p>Neun Tage nach der Vereinsgr\u00fcndung ging es erstmals als Verein auf das Eis. Sonntags von 9 bis 11 Uhr trainierten die Eissportfreunde erst einmal auf der kleinen Bahn. Die kleine Eisfl\u00e4che sollte vorerst die \u201eHeimat\u201c der Eissportfreunde sein. Es blieb alles \u00fcbersichtlich und unter Ausschluss der \u00d6ffentlichkeit wurde an der Technik und am l\u00e4uferischen Verm\u00f6gen hart gearbeitet. Manch blauer Flecken zeugte in jenen Tagen vom unerm\u00fcdlichen Einsatz und dem eisernen Willen, sich von derartigen \u201eBagatellen\u201c nicht abschrecken zu lassen.<\/p>\n\n\n\n<p>Der Ehrgeiz dr\u00fcckte sich auch im Kauf der Trikots aus. \u201eESF G-S\u201c stand auf der Trikotvorderseite in gro\u00dfen wei\u00dfen Buchstaben geschrieben. Und noch heute geh\u00f6ren die rot-wei\u00dfen Trikots zum Bestand der Eissportfreunde. \u00dcberhaupt stie\u00dfen die Eissportfreunde auf viel Sympathie. 44 passive und 16 aktive Mitglieder bildeten kurz vor der Jahreswende 74\/75 einen imposanten Mitgliederstamm f\u00fcr den jungen Club.<\/p>\n\n\n\n<div class=\"wp-block-media-text is-stacked-on-mobile\"><figure class=\"wp-block-media-text__media\"><img loading=\"lazy\" decoding=\"async\" width=\"300\" height=\"215\" src=\"http:\/\/www.eissportfreunde.de\/wordpress\/wp-content\/uploads\/2015\/11\/DSC9380-e1446469150569-300x215.jpg\" alt=\"_DSC9380\" class=\"wp-image-1282 size-full\"\/><\/figure><div class=\"wp-block-media-text__content\">\n<p>Zehn Akteure umfasste der allererste Kader der Eissportfreunde. In den neuen Trikots pr\u00e4sentierten sich 1974 an einem Samstag um 5 vor 12 Uhr folgende Aktiven dem Fotografen. Obere Reihe stehen von links: Friedhelm Halfmann, Willi Karthaus, Mathias Diesch, Fritz Rotthaus, Rainer Hollmann, Heiko Dr\u00f6ge; kniend von links: Rainer Jahnke, Alfred Reinecke, Dieter Breer und Reiner Gehrke.<\/p>\n<\/div><\/div>\n\n\n\n<h5 class=\"wp-block-heading\"><\/h5>\n\n\n\n<h5 class=\"wp-block-heading\"><strong>DIE ERSTEN ZWEI JAHRE WAREN HART<\/strong><\/h5>\n\n\n\n<p>Die erste Saison war relativ kurz. Denn knapp zwei Monate nach der Vereinsgr\u00fcndung kam der Sommer und damit auch die eislose Zeit.<\/p>\n\n\n\n<p>Aber nicht minder elanvoll wurde die Saison 74\/75 angegangen, die f\u00fcr die Eissportfreunde manch derbe Niederlage mit sich bringen sollte und lediglich einen Sieb in Bielefeld (8:4) sah. Aus der Saison 74\/75 datiert die Amtsgerichtseintragung (Juli 1975) und am 15. September 1975 erreichte die Eissportfreunde auch die Best\u00e4tigung vom Eissportverband Nordrhein-Westfalen, als voll wertiges Mitglied aufgenommen zu sein.<\/p>\n\n\n\n<p>Doch der Reihe nach. \u2013 In ihrer ersten Saison legten die Eissportfreunde den Schwerpunkt auf das Training, wollten aber auch in der zweiten Saisonh\u00e4lfte erstmals offiziell Freundschaftsspiele bestreiten. Das allererste Spiel stieg dann in Iserlohn vor rund 500 Zuschauern gegen die \u201eAlten Herren\u201c des ERC Westfalen Dortmund (siehe dazu die n\u00e4chste Seite). Zwanzig Tage war das Jahr 1975 gerade alt, als die Eissportfreunde zum R\u00fcckspiel in Dortmund gegen die \u201eAlten Herren\u201c antraten und mit 1:34 Toren die bisher h\u00f6chste Niederlage in der Vereinsgeschichte einstecken mussten. Historisch ist auch das folgende Datum: Am 27. Februar 1975 wurde in Bielefeld der erste Sieg in der Vereinsgeschichte eingefahren. 8:4 hie\u00df es nach 60 Minuten f\u00fcr das heimische Team, das dieses Ereignis auch entsprechend \u201efeierte\u201c.<\/p>\n\n\n\n<p>Die restlichen sieben Saison-Spiele gingen mehr oder weniger deutlich an die ESF-Gegner. Der Stimmung aber hat das keinen Abbruch getan. Im Gegenteil: Immer neue Spieler schlossen sich dem Club an, so dass sogar ein Aufnahmestopp n\u00f6tig war.<\/p>\n\n\n\n<p>Gut zwei Jahre nach der Vereinsgr\u00fcndung konnten die Eissportfreunde ihren ersten gro\u00dfen sportlichen Erfolg verbuchen. Durch die guten Beziehungen zu den Bielefeldern war zwangsl\u00e4ufig auch die Einladung zum \u201e1. Delius-Pokal\u201c erfolgt. Am 10. Und 11. April 1976 gingen die Eissportfreund mit dem Willen an den Start, gut auszusehen. Als dann im ersten Spiel Bielefeld mit 7:3 bezwungen werden konnten und auch Moers klar mit 8:4 besiegt wurde, war f\u00fcr die Eissportfreunde das ertr\u00e4umte Ziel schon erreicht. Der 2. Platz gesichert und konnte gegen K\u00f6ln sogar noch verbessert werden.<\/p>\n\n\n\n<p>Und es sollte auch gelingen, obwohl K\u00f6ln als haushoher Favorit in das Turnier ging. 11:3 hie\u00df es schlie\u00dflich f\u00fcr das heimische Team, das damit einen schon sensationellen Sieg errungen hatte. Dass es bei der Siegerehrung dann hoch herging (Foto), versteht sich schon allein aus dem Selbstverst\u00e4ndnis der Eissportfreunde heraus.<\/p>\n\n\n\n<p>Als Titelverteidiger hatten die Eissportfreunde ein Jahr sp\u00e4ter einen schweren Stand. Etliche Verletzte dezimierten das Team und die anderen Mannschaften hatten sich erheblich verst\u00e4rkt.<\/p>\n\n\n\n<p>Platz 4 war die Ausbeute \u2013 und der Fairness-Pokal.<\/p>\n\n\n\n<p>Und da aller guten Dinge drei sind, war die Teilnahme 1978 auch schon klar. Rang 3 gab es f\u00fcr die Eissportfreunde, die sich gegen Winterberg (10:1) durchsetzen konnten, gegen Bielefeld (4:8) und Moers (2:20) aber verloren.<\/p>\n\n\n\n<p>In den darauffolgenden Jahren wurde der Pokal leider nicht mehr ausgespielt.<\/p>\n\n\n<div class=\"wp-block-image\">\n<figure class=\"alignleft\"><a href=\"http:\/\/www.eissportfreunde.de\/wordpress\/wp-content\/uploads\/2015\/05\/DSC9385-e1432234540554.jpg\"><img loading=\"lazy\" decoding=\"async\" width=\"300\" height=\"196\" src=\"http:\/\/www.eissportfreunde.de\/wordpress\/wp-content\/uploads\/2015\/05\/DSC9385-e1432234540554-300x196.jpg\" alt=\"_DSC9385\" class=\"wp-image-545\" srcset=\"https:\/\/www.eissportfreunde.de\/wordpress\/wp-content\/uploads\/2015\/05\/DSC9385-e1432234540554-300x196.jpg 300w, https:\/\/www.eissportfreunde.de\/wordpress\/wp-content\/uploads\/2015\/05\/DSC9385-e1432234540554-1024x669.jpg 1024w, https:\/\/www.eissportfreunde.de\/wordpress\/wp-content\/uploads\/2015\/05\/DSC9385-e1432234540554.jpg 1640w\" sizes=\"auto, (max-width: 300px) 100vw, 300px\" \/><\/a><\/figure>\n<\/div>\n\n\n<h5 class=\"wp-block-heading\"><strong>SENSATION: ESF WURDEN LANDESLIGA-MEISTER<\/strong><\/h5>\n\n\n\n<p>Ihren wohl gr\u00f6\u00dften sportlichen Erfolg konnten die Eissportfreunde in der Saison 1979\/80 erringen. Der Titel eines Landesliga-Meister wurde erk\u00e4mpft, obwohl die ESF in der eigentlichen Abschlusstabelle \u201enur\u201c an 4. Stelle standen. Doch die besser platzierten Teams der ECD-Junioren, aus Krefeld und Herne wurden nur deshalb zum Spielbetrieb zugelassen, um den Nachwuchsakteuren Spielm\u00f6glichkeiten zu bieten. Das zur Erkl\u00e4rung.<\/p>\n\n\n\n<p>Die Eissportfreunde gingen in diese Saison als Au\u00dfenseiter und wollten \u00e4hnlich wie beim ersten \u201eDelius-Pokal\u201c gut abschneiden. Doch im Verlauf der Saison stellte sich dann heraus, dass die Eissportfreunde eine gute Mannschaft zur Verf\u00fcgung hatten. Ein Verdienst sicherlich von Trainer Jacques Larocque, der zwar mit \u201elockerer Hand\u201c f\u00fchrte, aber Disziplin und Einsatz verlangte. Wie gut das Larocque-Team eingestellt war, zweigte wohl auch die einzige Niederlage, die es gegen die direkte Konkurrenz gab. Ansonsten wurden die gegnerischen Teams mehr oder weniger klar beherrscht. Und Ligen-Leiter Dieter Hallen (Krefeld) \u00fcbergab einer stolzen Griesenbrauck-S\u00fcmmeraner Mannschaft die Urkunde (Foto).<\/p>\n\n\n\n<p>Doch schon in dieser Saison zeichnete sich ab, wie kostspielig die Teilnahme auf Landesliga-Ebene ist. Dennoch wurde in der Saison 80\/81 noch einmal die Landesliga-Meisterschaftsrunde mitgespielt. Es machte keinen richtigen Spa\u00df mehr. Die anderen Teams hatten \u201einvestiert\u201c und f\u00fcr Landesliga-Verh\u00e4ltnisse starke Truppen auf die Beine gestellt. Um eben die dadurch aufkommenden H\u00e4rten zu unterbinden, wurden Schiedsrichter angesetzt, die als Neutrale weite Anreisen hatten und teuer waren.<\/p>\n\n\n\n<p>F\u00fcr die Eissportfreunde, die einen guten Mittelfeldplatz belegten, war dies aber<br>der Abschied von den Meisterschaftsspielen.<br>Die Eissportfreunde wollten Hobby-Spieler bleiben.<\/p>\n\n\n\n<h5 class=\"wp-block-heading\"><strong>WIAVIR IN GRIMSBY<\/strong><\/h5>\n\n\n\n<p>Wenn die Eissportfreunde heute von ihren vielen Reisen erz\u00e4hlen, dann geh\u00f6rt der zweieinhalbt\u00e4gige Aufenthalt im englischen Grimsby in der Auflistung immer an die erste Stelle. Vom 2. bis 4. Juni 1978 nahmen die Eissportfreunde eine Einladung nach England an und hatten bei der R\u00fcckkehr viel zu erz\u00e4hlen. Ob es nun die Hin- und R\u00fcckreise auf dem Schiff war, wo nie Langeweile aufkam oder die \u00fcberw\u00e4ltigende Gastfreundschaft der Engl\u00e4nder \u2013 es war eine rundum gelungene Reise.<\/p>\n\n\n\n<p>Dabei st\u00f6rte es auch nicht, dass die Engl\u00e4nder den EC Deilinghofen begr\u00fc\u00dften und mit den Eissportfreunden Griesenbrauck-S\u00fcmmern erst einmal \u201enichts anzufangen\u201c wussten.<\/p>\n\n\n\n<p>Zwei Freundschaftsspiele standen auf dem Programm und die Gastgeber nahmen alles sehr ernst. Sie verst\u00e4rkten sich mit einem Nationalspieler aus Southhampton und taten alles, damit beide Spiele auch vom Rahmenprogramm her in Erinnerung bleiben sollten. In der jeweils mit 800 Zuschauern ausverkauften Halle wurden die Nationalhymnen gespielt und auch sonst alles Erdenkliche unternommen, um diesen Spielern einen entsprechenden Charakter zu geben. Mit 4:10 und 6:8 gab es zwar zwei Niederlagen f\u00fcr die Eissportfreunde, aber man muss sich auch vor Augen halten, dass die Eisfl\u00e4che in Grimsby nur einem Spieldrittel unserer Fl\u00e4che in Iserlohn entsprach. Platz zum Passen oder Kombinieren war nicht vorhanden. Gefragt waren Einsatz und Kampf.<\/p>\n\n\n\n<p>Doch nicht so sehr der sportliche Aspekt stand im Vordergrund, sondern vielmehr der gesellschaftliche. Man wollte neue Freundschaften kn\u00fcpfen. Leider ist der Kontakt mit den Engl\u00e4ndern abgerissen. Eine Gegeneinladung wurde zwar ausgesprochen und das Kommen auch zugesagt, doch aus terminlichen Gr\u00fcnden mussten die Spieler aus Grimsby leider absagen.<\/p>\n\n\n\n<p>Die Gastfreundschadt war gro\u00dfartig. Jeder einzelne Gastgeber war um uns r\u00fchrend besorgt, lautet die Bilanz einer kurzen, aber sehr einpr\u00e4gsamen Englandreise.<\/p>\n\n\n\n<h5 class=\"wp-block-heading\"><strong>AMATEUR-STRAPAZEN<\/strong><\/h5>\n\n\n\n<p>Wenn man von Hobby-Eishockeyspielern spricht, dann muss man sich auch bitte vor Augen halten, dass die Hobby-Spieler in den Eissporthallen meistens \u201ef\u00fcnftes Rad am Wagen\u201c sind. Die Eissportfreunde konnten sich \u00fcber ein Entgegenkommen in der Iserlohner Halle aber nie beklagen, mussten aber bei Ausw\u00e4rtsspielen manchmal arge \u201eAmateur-Strapazen\u201c auf sich nehmen. So war es nicht selten, dass die ESF-Reise-Karawane morgens fr\u00fch um 5.30 Uhr ab Eissporthalle aufbrach und erst sp\u00e4t am Nachmittag zur\u00fcckkehrte \u2013 oder aber das ESF-Team musste sp\u00e4t abends antreten.<br>So am 1. Februar 1981, als das Landesliga-Meisterschaftsspiel in Kassel sp\u00e4t abends um 22.15 Uhr angepfiffen und gegen 0.45 Uhr beendet wurde. Und dennoch: Die Eissportfreunde haben noch nie ein Spiel ausfallen lassen.<\/p>\n\n\n\n<p><\/p>\n","protected":false},"excerpt":{"rendered":"<p>WIE ALLES BEGANN Als der EC Deilinghofen Anfang 1971 in die neuerbaute Eissporthalle nach Iserlohn umzog und von nun an dort seine Meisterschaftsspiele austrug, da geh\u00f6rten acht Mann aus S\u00fcmmern-Rombrock zum harten Kern der Fans. Vom Zusehen waren sie praktisch schon \u201eFachleute\u201c. Doch sie wollten nicht nur mitreden k\u00f6nnen, sondern auch mitspielen. Schlittschuhlaufen gingen die [&hellip;]<\/p>\n","protected":false},"author":4,"featured_media":0,"parent":0,"menu_order":0,"comment_status":"closed","ping_status":"closed","template":"","meta":{"pgc_sgb_lightbox_settings":"","footnotes":""},"class_list":["post-4563","page","type-page","status-publish","hentry"],"_links":{"self":[{"href":"https:\/\/www.eissportfreunde.de\/wordpress\/wp-json\/wp\/v2\/pages\/4563","targetHints":{"allow":["GET"]}}],"collection":[{"href":"https:\/\/www.eissportfreunde.de\/wordpress\/wp-json\/wp\/v2\/pages"}],"about":[{"href":"https:\/\/www.eissportfreunde.de\/wordpress\/wp-json\/wp\/v2\/types\/page"}],"author":[{"embeddable":true,"href":"https:\/\/www.eissportfreunde.de\/wordpress\/wp-json\/wp\/v2\/users\/4"}],"replies":[{"embeddable":true,"href":"https:\/\/www.eissportfreunde.de\/wordpress\/wp-json\/wp\/v2\/comments?post=4563"}],"version-history":[{"count":3,"href":"https:\/\/www.eissportfreunde.de\/wordpress\/wp-json\/wp\/v2\/pages\/4563\/revisions"}],"predecessor-version":[{"id":4567,"href":"https:\/\/www.eissportfreunde.de\/wordpress\/wp-json\/wp\/v2\/pages\/4563\/revisions\/4567"}],"wp:attachment":[{"href":"https:\/\/www.eissportfreunde.de\/wordpress\/wp-json\/wp\/v2\/media?parent=4563"}],"curies":[{"name":"wp","href":"https:\/\/api.w.org\/{rel}","templated":true}]}}