{"id":3808,"date":"2022-12-14T20:30:17","date_gmt":"2022-12-14T19:30:17","guid":{"rendered":"http:\/\/www.eissportfreunde.de\/wordpress\/?page_id=3808"},"modified":"2022-12-14T20:41:47","modified_gmt":"2022-12-14T19:41:47","slug":"datenschutz","status":"publish","type":"page","link":"https:\/\/www.eissportfreunde.de\/wordpress\/datenschutz\/","title":{"rendered":"Datenschutz"},"content":{"rendered":"\n<p><strong>Unsere Datenschutzerkl\u00e4rung<\/strong><\/p>\n\n\n\n<p><strong>Rechtliche Informationen nach DSGVO<\/strong><\/p>\n\n\n\n<p><strong>Einleitung<\/strong><br>Wir, die Eissportfreunde Griesenbrauck &#8211; S\u00fcmmern&nbsp; e.V., freuen uns \u00fcber Ihren Besuch auf unserer Webseite. Der sichere und transparente Umgang mit den personenbezogenen Daten unserer Nutzer hat f\u00fcr uns eine hohe Priorit\u00e4t und der Schutz Ihrer pers\u00f6nlichen Daten ist uns daher ein besonders wichtiges Anliegen.<\/p>\n\n\n\n<p>Mittels dieser Datenschutzerkl\u00e4rung m\u00f6chten wir Sie \u00fcber Art, Umfang und Zweck der von uns erhobenen, genutzten und verarbeiteten personenbezogenen Daten informieren und sofern Sie von der Datenverarbeitung betroffen sind, aufkl\u00e4ren.<br>Obwohl wir als die f\u00fcr die Verarbeitung von personenbezogenen Daten Verantwortliche zahlreiche technische und organisatorische Ma\u00dfnahmen umgesetzt haben, kann eine internetbasierte Daten\u00fcbertragung grunds\u00e4tzlich Sicherheitsl\u00fccken aufweisen, sodass ein absoluter Schutz nicht gew\u00e4hrleistet werden kann. Wir bitten dies bei der Nutzung unseres Internetangebots ber\u00fccksichtigen.<\/p>\n\n\n\n<p>Unsere Datenschutzerkl\u00e4rung ist wie folgt gegliedert:<\/p>\n\n\n\n<p>1. F\u00fcr die Datenverarbeitung verantwortlich<br>2. Datenschutzbeauftragter des Verantwortlichen<br>3. Allgemeine Datenverarbeitung beim Zugriff<br>4. Einsatz von Cookies<br>5. Umgang mit Kontaktdaten<br>6. Umgang mit Daten der Mitglieder<br>7. Ihre Rechte als Betroffene<\/p>\n\n\n\n<p><strong>1. F\u00fcr die Datenverarbeitung verantwortlich<\/strong><br>Verantwortlicher f\u00fcr die Verarbeitung der personenbezogenen Daten im Sinne von Artikel 4 Abs. 7 DSGVO ist:<\/p>\n\n\n\n<p>Der Vorstand:<br><strong>Eissportfreunde Griesenbrauck \u2013 S\u00fcmmern e.V.<\/strong><\/p>\n\n\n\n<p>Kontakt: siehe Impressum<\/p>\n\n\n\n<p><strong>2. Datenschutzbeauftragter des Verantwortlichen<\/strong><strong><br><\/strong>Landesbeauftragte f\u00fcr Datenschutz und Informationsfreiheit Nordrhein-Westfalen, Kavalleriestr. 2-4,&nbsp; 40213 D\u00fcsseldorf, Telefon: 0211\/38424-0, E-Mail: <a href=\"javascript:linkTo_UnCryptMailto(%27ocknvq%2CrquvuvgnngBnfk0pty0fg%27);\">poststelle@ldi.nrw.de<\/a><br><br><\/p>\n\n\n\n<p><strong>3. Allgemeine Datenverarbeitung beim Zugriff<\/strong><br>Bei dem Zugriff auf die Webseite werden automatisch Informationen allgemeiner Natur erfasst. Diese Informationen (sogenannte Server-Logfiles) beinhalten etwa die Art des Webbrowsers, das verwendete Betriebssystem, den Domainnamen Ihres Internet Service Providers und \u00c4hnliches. Zudem wird die IP-Adresse \u00fcbertragen und dazu verwendet, den von Ihnen gew\u00fcnschten Dienst zur Verf\u00fcgung zu stellen. Diese Informationen sind technisch notwendig, um von Ihnen angeforderte Inhalte der Webseite korrekt auszuliefern und fallen bei Nutzung des Internets zwingend an. Diese Logfiles werden umgehend nach Beendigung des Nutzungsvorgangs anonymisiert bzw. gel\u00f6scht. Die Rechtsgrundlage hierf\u00fcr ist Art. 6 Abs. 1 f) DSGVO. Unser berechtigtes Interesse an der Verarbeitung dieser Daten besteht darin, die Stabilit\u00e4t und Sicherheit der Angebote zu gew\u00e4hrleisten. Folgende Daten werden dabei erfasst:<\/p>\n\n\n\n<ul class=\"wp-block-list\">\n<li>IP-Adresse<\/li>\n\n\n\n<li>Datum und Uhrzeit des Aufrufs<\/li>\n\n\n\n<li>Zeitzonendifferenz zur Greenwich Mean Time<\/li>\n\n\n\n<li>Inhalt der Anforderung<\/li>\n\n\n\n<li>Zugriffsstatus\/http-Statuscode<\/li>\n\n\n\n<li>das jeweils \u00fcbertragene Datenvolumen<\/li>\n\n\n\n<li>die Website, von der die Anforderung kommt<\/li>\n\n\n\n<li>der Browser einschl. Sprache und Version der Browsersoftware<\/li>\n\n\n\n<li>das Betriebssystem und dessen Oberfl\u00e4che.<\/li>\n<\/ul>\n\n\n\n<p>Die Daten werden gel\u00f6scht, sobald diese f\u00fcr den Zweck der Erhebung nicht mehr erforderlich sind. Dies ist f\u00fcr die Daten, die der Bereitstellung der Website dienen, grunds\u00e4tzlich der Fall, wenn die jeweilige Sitzung beendet ist.<\/p>\n\n\n\n<p>Die Bereitstellung der vorgenannten personenbezogenen Daten ist weder gesetzlich noch vertraglich vorgeschrieben. Ohne die IP-Adresse ist jedoch der Dienst und die Funktionsf\u00e4higkeit unserer Website nicht gew\u00e4hrleistet. Zudem k\u00f6nnen einzelne Dienste und Services nicht verf\u00fcgbar oder eingeschr\u00e4nkt sein. Aus diesem Grund ist ein Widerspruch ausgeschlossen.<\/p>\n\n\n\n<p><strong>4. Einsatz von Cookies<\/strong><\/p>\n\n\n\n<p>Wir setzen keine Cookies auf unserer Website ein.<\/p>\n\n\n\n<p><br><br><strong>5. Umgang mit Kontaktdaten<\/strong><\/p>\n\n\n\n<p>Nehmen Sie mit uns, den Eissportfreunden Griesenbrauck &#8211; S\u00fcmmern e.V., durch die angebotenen Kontaktm\u00f6glichkeiten Verbindung auf, werden Ihre Angaben gespeichert, damit auf diese zur Bearbeitung und Beantwortung Ihrer Anfrage zur\u00fcckgegriffen werden kann. Ohne Ihre Einwilligung werden diese Daten nicht an Dritte weitergegeben.<br><br>Die Rechtsgrundlage hierf\u00fcr ist je nach Charakter Ihrer Anfrage Art. 6 Abs. 1 b) DSGVO oder Art. 6 Abs. 1 f) DSGVO. Die in diesem Zusammenhang anfallenden Daten werden gel\u00f6scht, nachdem die Speicherung nicht mehr erforderlich ist. Bestehen gesetzliche Aufbewahrungspflichten, schr\u00e4nken wir die Verarbeitung f\u00fcr die Dauer der Aufbewahrungspflicht ein. Die Dauer der Aufbewahrungspflicht h\u00e4ngt von den Zwecken ab, in dessen Kontext die Daten verarbeitet wurden.<\/p>\n\n\n\n<p><strong>6. Umgang mit Daten der Mitglieder<\/strong><\/p>\n\n\n\n<p>Mit dem Beitritt eines Mitglieds nimmt der Verein seinen Vor- und Nachnamen, seine Adresse, seine Telefonnummer, sein Geburtsdatum und seine Bankverbindung (bzgl. Lastschriftverfahren) auf. Diese Informationen werden in dem Vereinsverwaltungs-Programm SPG-Verein gespeichert. Jedem Vereinsmitglied wird eine Mitgliedsnummer zugeordnet. Die personenbezogenen Daten werden durch geeignete technische und organisatorische Ma\u00dfnahmen vor der Kenntnisnahme Dritter gesch\u00fctzt.<\/p>\n\n\n\n<p>Als Mitglied des Landessportverbandes Nordrhein-Westfalen sowie sonstiger Fachverb\u00e4nde ist der Verein verpflichtet, seine Mitglieder an den Verband sowie die zust\u00e4ndigen Fachverb\u00e4nde zu melden. Bei Mitgliedern mit besonderen Aufgaben (z.B. Vorstandsmitglieder) werden Vorname, Name, sowie die vollst\u00e4ndige Adresse mit Telefonnummer, E-Mail-Adresse sowie der Bezeichnung ihrer Funktion im Verein gemeldet.<\/p>\n\n\n\n<p>Der Vorstand macht besondere Ereignisse des Vereinslebens, insbesondere die Durchf\u00fchrung besonderer Ergebnisse wie Punktspielen, Turnieren und Veranstaltungen in der Presse und im Internet bekannt. Dabei k\u00f6nnen personenbezogene Mitgliederdaten (z.B. Name, Vorname, Alter) und Bilder ver\u00f6ffentlicht werden. Das einzelne Mitglied kann jederzeit schriftlich gegen\u00fcber dem Vorstand einer solchen Ver\u00f6ffentlichung widersprechen. Im Falle des Widerspruches unterbleibt in Bezug auf das widersprechende Mitglied zuk\u00fcnftig eine weitere Ver\u00f6ffentlichung. Der schriftliche Widerspruch ist an den Vorstand der Eissportfreunde Griesenbrauck \u2013 S\u00fcmmern e.V. zu richten.<\/p>\n\n\n\n<p><strong>7. Ihre Rechte als Betroffene<\/strong><\/p>\n\n\n\n<p>Nach den anwendbaren Gesetzen haben Sie verschiedene Rechte bez\u00fcglich Ihrer personenbezogenen Daten. M\u00f6chten Sie diese Rechte geltend machen, so richten Sie Ihre Anfrage bitte per E-Mail oder per Post \u2013 unter eindeutiger Identifizierung Ihrer Person \u2013 an die unter Ziffer 1 als f\u00fcr den Internetauftritt verantwortlich genannte Stelle.<br>Der st\u00e4dtische Datenschutzbeauftragte steht Ihnen bei Bedarf f\u00fcr R\u00fcckfragen zur Verf\u00fcgung.<\/p>\n\n\n\n<p><strong>Nachfolgend finden Sie eine \u00dcbersicht \u00fcber Ihre Rechte:<\/strong><\/p>\n\n\n\n<p><strong>Widerruf erteilter Einwilligungen (Art. 7 DSGVO)<\/strong><br>Sie haben jederzeit das Recht, eine erteilte Einwilligung zur Verarbeitung Ihrer personenbezogenen Daten mit Wirkung f\u00fcr die Zukunft zu widerrufen.<\/p>\n\n\n\n<p><strong>Recht auf Auskunft (Art. 15 DSGVO)<\/strong><br>Sie haben jederzeit das Recht, von uns eine Best\u00e4tigung dar\u00fcber zu erhalten, ob Sie betreffende personenbezogene Daten verarbeitet werden. Ist dies der Fall, so haben Sie das Recht, von uns eine unentgeltliche Auskunft \u00fcber die zu Ihnen gespeicherten Daten zu verlangen.<\/p>\n\n\n\n<p><strong>Recht auf Berichtigung (Art. 16 DSGVO)<\/strong><br>Sie haben das Recht, von uns unverz\u00fcglich die Berichtigung Sie betreffender unrichtiger personenbezogener Daten zu verlangen. Unter Ber\u00fccksichtigung der Zwecke der Verarbeitung haben Sie das Recht, die Vervollst\u00e4ndigung unvollst\u00e4ndiger personenbezogener Daten zu verlangen.<\/p>\n\n\n\n<p><strong>Recht auf L\u00f6schung \/ &#8222;Recht auf Vergessenwerden&#8220; (Art. 17 DSGVO)<\/strong><br>Sie haben das Recht, von uns zu verlangen, dass Sie betreffende personenbezogene Daten unverz\u00fcglich gel\u00f6scht werden und wir sind verpflichtet, Ihre personenbezogenen Daten unverz\u00fcglich zu l\u00f6schen, sofern bestimmte Gr\u00fcnde zutreffen.<\/p>\n\n\n\n<p><strong>Recht auf Einschr\u00e4nkung der Verarbeitung (Art. 18 DSGVO)<\/strong><br>Sie haben das Recht, von uns die Einschr\u00e4nkung der Verarbeitung zu verlangen, wenn bestimmte Voraussetzungen gegeben sind.<\/p>\n\n\n\n<p><strong>Recht auf Daten\u00fcbertragbarkeit (Art. 20 DSGVO)<\/strong><br>Unter bestimmten Voraussetzungen haben Sie das Recht, Sie betreffende personenbezogene Daten maschinenlesbar zu erhalten und einem Dritten zu \u00fcbermitteln oder von uns \u00fcbermitteln zu lassen.<\/p>\n\n\n\n<p><strong>Widerspruchsrecht (Art. 21 DSGVO)<\/strong><br>Sie haben das Recht, unter bestimmten Voraussetzungen einer rechtm\u00e4\u00dfigen Verarbeitung Ihrer personenbezogenen Daten durch uns zu widersprechen, wenn sich dies aus Ihrer besonderen Situation begr\u00fcndet und unsere Interessen an der Verarbeitung nicht \u00fcberwiegen.<\/p>\n\n\n\n<p><strong>Recht auf Beschwerde (Art. 77 DSGVO)<\/strong><br>Sie haben das Recht auf Beschwerde bei der Aufsichtsbeh\u00f6rde (Landesbeauftragte f\u00fcr Datenschutz und Informationsfreiheit NRW -siehe unter Ziffer 2-), wenn Sie der Ansicht sind, dass die Verarbeitung der Sie betreffenden personenbezogenen Daten rechtswidrig ist.<\/p>\n","protected":false},"excerpt":{"rendered":"<p>Unsere Datenschutzerkl\u00e4rung Rechtliche Informationen nach DSGVO EinleitungWir, die Eissportfreunde Griesenbrauck &#8211; S\u00fcmmern&nbsp; e.V., freuen uns \u00fcber Ihren Besuch auf unserer Webseite. Der sichere und transparente Umgang mit den personenbezogenen Daten unserer Nutzer hat f\u00fcr uns eine hohe Priorit\u00e4t und der Schutz Ihrer pers\u00f6nlichen Daten ist uns daher ein besonders wichtiges Anliegen. Mittels dieser Datenschutzerkl\u00e4rung m\u00f6chten [&hellip;]<\/p>\n","protected":false},"author":3,"featured_media":0,"parent":0,"menu_order":0,"comment_status":"closed","ping_status":"closed","template":"","meta":{"pgc_sgb_lightbox_settings":"","footnotes":""},"class_list":["post-3808","page","type-page","status-publish","hentry"],"_links":{"self":[{"href":"https:\/\/www.eissportfreunde.de\/wordpress\/wp-json\/wp\/v2\/pages\/3808","targetHints":{"allow":["GET"]}}],"collection":[{"href":"https:\/\/www.eissportfreunde.de\/wordpress\/wp-json\/wp\/v2\/pages"}],"about":[{"href":"https:\/\/www.eissportfreunde.de\/wordpress\/wp-json\/wp\/v2\/types\/page"}],"author":[{"embeddable":true,"href":"https:\/\/www.eissportfreunde.de\/wordpress\/wp-json\/wp\/v2\/users\/3"}],"replies":[{"embeddable":true,"href":"https:\/\/www.eissportfreunde.de\/wordpress\/wp-json\/wp\/v2\/comments?post=3808"}],"version-history":[{"count":3,"href":"https:\/\/www.eissportfreunde.de\/wordpress\/wp-json\/wp\/v2\/pages\/3808\/revisions"}],"predecessor-version":[{"id":3812,"href":"https:\/\/www.eissportfreunde.de\/wordpress\/wp-json\/wp\/v2\/pages\/3808\/revisions\/3812"}],"wp:attachment":[{"href":"https:\/\/www.eissportfreunde.de\/wordpress\/wp-json\/wp\/v2\/media?parent=3808"}],"curies":[{"name":"wp","href":"https:\/\/api.w.org\/{rel}","templated":true}]}}